{"id":4248,"date":"2026-04-23T17:17:48","date_gmt":"2026-04-23T21:17:48","guid":{"rendered":"https:\/\/nuevo.kpskincare.net\/?post_type=product&#038;p=4248"},"modified":"2026-04-23T17:17:50","modified_gmt":"2026-04-23T21:17:50","slug":"certificados-de-regalo-masaje-relajante","status":"publish","type":"product","link":"https:\/\/nuevo.kpskincare.net\/en\/shop\/certificados-de-regalo-masaje-relajante\/","title":{"rendered":"Certificados de Regalo Masaje Relajante"},"content":{"rendered":"<p>El masaje relajante corporal es una experiencia dise\u00f1ada para reducir el estr\u00e9s y aliviar la tensi\u00f3n acumulada en el cuerpo. Mediante t\u00e9cnicas suaves y fluidas, este tratamiento promueve la relajaci\u00f3n profunda, mejora la circulaci\u00f3n y equilibra el bienestar f\u00edsico y emocional. Ideal para quienes buscan desconectar del d\u00eda a d\u00eda y recargar energ\u00edas.<\/p>\n<p>We have Gift Certificates for all our services. Our certificates are valid for one year and can be redeemed at our headquarters.  To redeem your Gift Certificate contact us or Reverse your appointment.<\/p>","protected":false},"excerpt":{"rendered":"<p><span style=\"vertical-align: inherit;\"><span style=\"vertical-align: inherit;\">We have Gift Certificates for all our services. Our certificates are valid for one year and can be redeemed at our headquarters.  To redeem your Gift Certificate contact us or Reverse your appointment.<\/span><\/span><\/p>","protected":false},"featured_media":3123,"template":"","meta":[],"product_brand":[],"product_cat":[111],"product_tag":[],"giftcard-category":[],"class_list":{"0":"post-4248","1":"product","2":"type-product","3":"status-publish","4":"has-post-thumbnail","6":"product_cat-certificado-de-regalo","9":"outofstock","10":"taxable","11":"shipping-taxable","12":"product-type-variable","13":"product-grid-view"},"aioseo_notices":[],"jetpack_sharing_enabled":true,"_links":{"self":[{"href":"https:\/\/nuevo.kpskincare.net\/en\/wp-json\/wp\/v2\/product\/4248","targetHints":{"allow":["GET"]}}],"collection":[{"href":"https:\/\/nuevo.kpskincare.net\/en\/wp-json\/wp\/v2\/product"}],"about":[{"href":"https:\/\/nuevo.kpskincare.net\/en\/wp-json\/wp\/v2\/types\/product"}],"wp:featuredmedia":[{"embeddable":true,"href":"https:\/\/nuevo.kpskincare.net\/en\/wp-json\/wp\/v2\/media\/3123"}],"wp:attachment":[{"href":"https:\/\/nuevo.kpskincare.net\/en\/wp-json\/wp\/v2\/media?parent=4248"}],"wp:term":[{"taxonomy":"product_brand","embeddable":true,"href":"https:\/\/nuevo.kpskincare.net\/en\/wp-json\/wp\/v2\/product_brand?post=4248"},{"taxonomy":"product_cat","embeddable":true,"href":"https:\/\/nuevo.kpskincare.net\/en\/wp-json\/wp\/v2\/product_cat?post=4248"},{"taxonomy":"product_tag","embeddable":true,"href":"https:\/\/nuevo.kpskincare.net\/en\/wp-json\/wp\/v2\/product_tag?post=4248"},{"taxonomy":"giftcard-category","embeddable":true,"href":"https:\/\/nuevo.kpskincare.net\/en\/wp-json\/wp\/v2\/giftcard-category?post=4248"}],"curies":[{"name":"wp","href":"https:\/\/api.w.org\/{rel}","templated":true}]}}