{"id":4279,"date":"2026-04-23T17:18:06","date_gmt":"2026-04-23T21:18:06","guid":{"rendered":"https:\/\/nuevo.kpskincare.net\/?post_type=product&#038;p=4279"},"modified":"2026-04-23T17:18:08","modified_gmt":"2026-04-23T21:18:08","slug":"serum-acno","status":"publish","type":"product","link":"https:\/\/nuevo.kpskincare.net\/en\/shop\/serum-acno\/","title":{"rendered":"Serum Acno"},"content":{"rendered":"<p>ACNO TRIACTIVE TREATMENT, es un producto que trata las pieles con tendencia acn\u00e9ica, combinando una asociaci\u00f3n del \u00c1cido Olean\u00f3lico y el \u00c1cido nordihidroguaiar\u00e9tico (NDGA), en un gel osm\u00f3tico al 3%, m\u00e1s \u00c1cido Salic\u00edlico y Triclosan. Afina los poros y repara imperfecciones, regulando el exceso del sebo y renueva la textura de la piel.<\/p>","protected":false},"excerpt":{"rendered":"<div class=\"card mb-3 mr-3 bg-white border rounded\">\n<div class=\"card-footer py-1 bookly-appearance-form-footer svelte-1utzif7\">\n<div class=\"d-flex row align-items-center\">\n<div class=\"d-inline-block text-truncate svelte-1utzif7\">\n<div class=\"card mb-3 mr-3 bg-white border rounded\">\n<div class=\"card-footer py-1 bookly-appearance-form-footer svelte-1utzif7\">\n<div class=\"d-flex row align-items-center\">\n<div class=\"d-inline-block text-truncate svelte-1utzif7\">\n<p><strong>PRINCIPIOS ACTIVOS<\/strong><\/p>\n<ul>\n<li>3% \u00c1cido olean\u00f3lico: Antiinflamatorio, inhibe la 5 alfa reductasa disminuyendo la hiperseborrea. Posee acci\u00f3n seborreguladora.<\/li>\n<li>3% Nordihidroguaiar\u00e9tico: Antiinflamatorio, disminuye la hiperqueratosis ya que regula el crecimiento celular.<\/li>\n<li>2% \u00c1cido salic\u00edlico: Antimicrobiano, antiinflamatorio, queratol\u00edtico, seborregulador, antipruriginoso.<\/li>\n<li>Triclosan: Antibacteriano y Antif\u00fangico.<\/li>\n<\/ul>\n<\/div>\n<\/div>\n<\/div>\n<\/div>\n<\/div>\n<div class=\"flex-fill text-right\">\n<div class=\"bookly-dropdown\"><\/div>\n<\/div>\n<\/div>\n<\/div>\n<\/div>\n<div class=\"card mb-3 mr-3 bg-white border rounded\">\n<div class=\"card-body bookly-cursor-pointer\">\n<div class=\"card-text\"><\/div>\n<\/div>\n<\/div>","protected":false},"featured_media":3335,"template":"","meta":[],"product_brand":[],"product_cat":[129],"product_tag":[],"giftcard-category":[],"class_list":{"0":"post-4279","1":"product","2":"type-product","3":"status-publish","4":"has-post-thumbnail","6":"product_cat-membresia-clear-skin-piel-con-acne","9":"instock","10":"taxable","11":"shipping-taxable","12":"purchasable","13":"product-type-simple","14":"product-grid-view"},"aioseo_notices":[],"jetpack_sharing_enabled":true,"_links":{"self":[{"href":"https:\/\/nuevo.kpskincare.net\/en\/wp-json\/wp\/v2\/product\/4279","targetHints":{"allow":["GET"]}}],"collection":[{"href":"https:\/\/nuevo.kpskincare.net\/en\/wp-json\/wp\/v2\/product"}],"about":[{"href":"https:\/\/nuevo.kpskincare.net\/en\/wp-json\/wp\/v2\/types\/product"}],"wp:featuredmedia":[{"embeddable":true,"href":"https:\/\/nuevo.kpskincare.net\/en\/wp-json\/wp\/v2\/media\/3335"}],"wp:attachment":[{"href":"https:\/\/nuevo.kpskincare.net\/en\/wp-json\/wp\/v2\/media?parent=4279"}],"wp:term":[{"taxonomy":"product_brand","embeddable":true,"href":"https:\/\/nuevo.kpskincare.net\/en\/wp-json\/wp\/v2\/product_brand?post=4279"},{"taxonomy":"product_cat","embeddable":true,"href":"https:\/\/nuevo.kpskincare.net\/en\/wp-json\/wp\/v2\/product_cat?post=4279"},{"taxonomy":"product_tag","embeddable":true,"href":"https:\/\/nuevo.kpskincare.net\/en\/wp-json\/wp\/v2\/product_tag?post=4279"},{"taxonomy":"giftcard-category","embeddable":true,"href":"https:\/\/nuevo.kpskincare.net\/en\/wp-json\/wp\/v2\/giftcard-category?post=4279"}],"curies":[{"name":"wp","href":"https:\/\/api.w.org\/{rel}","templated":true}]}}