{"id":4287,"date":"2026-04-23T17:18:07","date_gmt":"2026-04-23T21:18:07","guid":{"rendered":"https:\/\/nuevo.kpskincare.net\/?post_type=product&#038;p=4287"},"modified":"2026-04-23T17:18:08","modified_gmt":"2026-04-23T21:18:08","slug":"espuma-limpiadora-para-melasma","status":"publish","type":"product","link":"https:\/\/nuevo.kpskincare.net\/en\/shop\/espuma-limpiadora-para-melasma\/","title":{"rendered":"Melasma Cleansing Foam"},"content":{"rendered":"<h2>Description<\/h2>\n<p><img decoding=\"async\" class=\"emoji\" role=\"img\" draggable=\"false\" src=\"https:\/\/s.w.org\/images\/core\/emoji\/15.0.3\/svg\/1f4a7.svg\" alt=\"&#x1f4a7;\" \/>\u00a0<strong>Regulates fat production:<\/strong>\u00a0Controls excess sebum and keeps your skin balanced.<\/p>\n<p><img decoding=\"async\" class=\"emoji\" role=\"img\" draggable=\"false\" src=\"https:\/\/s.w.org\/images\/core\/emoji\/15.0.3\/svg\/1f4aa.svg\" alt=\"&#x1f4aa;\" \/>\u00a0<strong>Reinforces collagen:<\/strong>\u00a0Improves skin firmness and elasticity for a more youthful appearance.<\/p>\n<p><img decoding=\"async\" class=\"emoji\" role=\"img\" draggable=\"false\" src=\"https:\/\/s.w.org\/images\/core\/emoji\/15.0.3\/svg\/2728.svg\" alt=\"&#x2728;\" \/>\u00a0<strong>Reduces skin pigmentation:<\/strong>\u00a0Lightens blemishes and evens skin tone.<\/p>\n<p><img decoding=\"async\" class=\"emoji\" role=\"img\" draggable=\"false\" src=\"https:\/\/s.w.org\/images\/core\/emoji\/15.0.3\/svg\/1f504.svg\" alt=\"&#x1f504;\" \/>\u00a0<strong>Reduces expression lines and open pores:<\/strong>\u00a0Smoothes wrinkles and minimizes the appearance of pores for smoother, more radiant skin<\/p>","protected":false},"excerpt":{"rendered":"<p>\u00bfLuchas contra la piel grasa, mixta o propensa al acn\u00e9? Nuestra Espuma Limpiadora es tu aliada ideal para lograr una piel limpia, equilibrada y radiante. Con una mezcla \u00fanica de ingredientes naturales y efectivos, esta espuma ofrece un cuidado integral que tu piel agradecer\u00e1.<\/p>","protected":false},"featured_media":3384,"template":"","meta":[],"product_brand":[],"product_cat":[132,130],"product_tag":[],"giftcard-category":[],"class_list":{"0":"post-4287","1":"product","2":"type-product","3":"status-publish","4":"has-post-thumbnail","6":"product_cat-melasma","7":"product_cat-productos-kp-skincare","10":"instock","11":"taxable","12":"shipping-taxable","13":"purchasable","14":"product-type-simple","15":"product-grid-view"},"aioseo_notices":[],"jetpack_sharing_enabled":true,"_links":{"self":[{"href":"https:\/\/nuevo.kpskincare.net\/en\/wp-json\/wp\/v2\/product\/4287","targetHints":{"allow":["GET"]}}],"collection":[{"href":"https:\/\/nuevo.kpskincare.net\/en\/wp-json\/wp\/v2\/product"}],"about":[{"href":"https:\/\/nuevo.kpskincare.net\/en\/wp-json\/wp\/v2\/types\/product"}],"wp:featuredmedia":[{"embeddable":true,"href":"https:\/\/nuevo.kpskincare.net\/en\/wp-json\/wp\/v2\/media\/3384"}],"wp:attachment":[{"href":"https:\/\/nuevo.kpskincare.net\/en\/wp-json\/wp\/v2\/media?parent=4287"}],"wp:term":[{"taxonomy":"product_brand","embeddable":true,"href":"https:\/\/nuevo.kpskincare.net\/en\/wp-json\/wp\/v2\/product_brand?post=4287"},{"taxonomy":"product_cat","embeddable":true,"href":"https:\/\/nuevo.kpskincare.net\/en\/wp-json\/wp\/v2\/product_cat?post=4287"},{"taxonomy":"product_tag","embeddable":true,"href":"https:\/\/nuevo.kpskincare.net\/en\/wp-json\/wp\/v2\/product_tag?post=4287"},{"taxonomy":"giftcard-category","embeddable":true,"href":"https:\/\/nuevo.kpskincare.net\/en\/wp-json\/wp\/v2\/giftcard-category?post=4287"}],"curies":[{"name":"wp","href":"https:\/\/api.w.org\/{rel}","templated":true}]}}