{"id":4490,"date":"2026-04-23T17:18:31","date_gmt":"2026-04-23T21:18:31","guid":{"rendered":"https:\/\/nuevo.kpskincare.net\/?post_type=product&#038;p=4490"},"modified":"2026-04-23T17:18:32","modified_gmt":"2026-04-23T21:18:32","slug":"protector-solar","status":"publish","type":"product","link":"https:\/\/nuevo.kpskincare.net\/en\/shop\/protector-solar\/","title":{"rendered":"Protector solar"},"content":{"rendered":"<p><strong>Protector Solar Facial Infantil \u2013 6 ml<\/strong><\/p>\n<p>El Protector Solar Facial Infantil es un dermocosm\u00e9tico de uso diario, formulado para proteger y cuidar la piel delicada del rostro de los ni\u00f1os frente a la exposici\u00f3n solar y los factores ambientales.<\/p>\n<p>Su f\u00f3rmula suave y bien tolerada ayuda a mantener la piel hidratada, confortable y con un aspecto saludable, siendo ideal para el uso diario y actividades al aire libre.<\/p>\n<p><strong>Beneficios clave:<\/strong><\/p>\n<p>&#x2714;&#xfe0f; Ayuda a proteger la piel facial infantil frente a la exposici\u00f3n solar diaria<br \/>\n&#x2714;&#xfe0f; Contribuye a prevenir resequedad y sensibilidad causada por el sol<br \/>\n&#x2714;&#xfe0f; Mantiene la piel suave, hidratada y confortable<br \/>\n&#x2714;&#xfe0f; Textura ligera, f\u00e1cil de aplicar y bien aceptada por ni\u00f1os<br \/>\n&#x2714;&#xfe0f; Acabado suave y natural.<\/p>","protected":false},"excerpt":{"rendered":"<div class=\"medipielsa-components-0-x-containerSection medipielsa-components-0-x-containerSection--product-specification-description\">\n<div id=\"id-guhfur\" class=\"vtex-disclosure-layout-1-x-content vtex-disclosure-layout-1-x-content--acordeon-page-product vtex-disclosure-layout-1-x-content--visible vtex-disclosure-layout-1-x-content--acordeon-page-product--visible\">\n<div class=\"medipielsa-components-0-x-paragraph_description\">\n<p>El Protector Solar Facial Infantil es un dermocosm\u00e9tico de uso diario, formulado para proteger y cuidar la piel delicada del rostro de los ni\u00f1os frente a la exposici\u00f3n solar y los factores ambientales.<\/p>\n<p>Su f\u00f3rmula suave y bien tolerada ayuda a mantener la piel hidratada, confortable y con un aspecto saludable, siendo ideal para el uso diario y actividades al aire libre.<\/p>\n<\/div>\n<\/div>\n<\/div>","protected":false},"featured_media":3433,"template":"","meta":[],"product_brand":[],"product_cat":[142,130],"product_tag":[],"giftcard-category":[],"class_list":{"0":"post-4490","1":"product","2":"type-product","3":"status-publish","4":"has-post-thumbnail","6":"product_cat-infantil","7":"product_cat-productos-kp-skincare","10":"instock","11":"taxable","12":"shipping-taxable","13":"purchasable","14":"product-type-simple","15":"product-grid-view"},"aioseo_notices":[],"jetpack_sharing_enabled":true,"_links":{"self":[{"href":"https:\/\/nuevo.kpskincare.net\/en\/wp-json\/wp\/v2\/product\/4490","targetHints":{"allow":["GET"]}}],"collection":[{"href":"https:\/\/nuevo.kpskincare.net\/en\/wp-json\/wp\/v2\/product"}],"about":[{"href":"https:\/\/nuevo.kpskincare.net\/en\/wp-json\/wp\/v2\/types\/product"}],"wp:featuredmedia":[{"embeddable":true,"href":"https:\/\/nuevo.kpskincare.net\/en\/wp-json\/wp\/v2\/media\/3433"}],"wp:attachment":[{"href":"https:\/\/nuevo.kpskincare.net\/en\/wp-json\/wp\/v2\/media?parent=4490"}],"wp:term":[{"taxonomy":"product_brand","embeddable":true,"href":"https:\/\/nuevo.kpskincare.net\/en\/wp-json\/wp\/v2\/product_brand?post=4490"},{"taxonomy":"product_cat","embeddable":true,"href":"https:\/\/nuevo.kpskincare.net\/en\/wp-json\/wp\/v2\/product_cat?post=4490"},{"taxonomy":"product_tag","embeddable":true,"href":"https:\/\/nuevo.kpskincare.net\/en\/wp-json\/wp\/v2\/product_tag?post=4490"},{"taxonomy":"giftcard-category","embeddable":true,"href":"https:\/\/nuevo.kpskincare.net\/en\/wp-json\/wp\/v2\/giftcard-category?post=4490"}],"curies":[{"name":"wp","href":"https:\/\/api.w.org\/{rel}","templated":true}]}}